{"id":19,"date":"2018-06-07T12:31:24","date_gmt":"2018-06-07T10:31:24","guid":{"rendered":"http:\/\/ekonomservis-cz.eu\/?page_id=19"},"modified":"2023-04-15T22:19:18","modified_gmt":"2023-04-15T20:19:18","slug":"o-nas","status":"publish","type":"page","link":"https:\/\/www.ekonomservis-cz.eu\/","title":{"rendered":"O n\u00e1s"},"content":{"rendered":"<h2 style=\"text-align: center;\"><strong>Profesion\u00e1ln\u00ed veden\u00ed \u00fa\u010detnictv\u00ed<br \/>\n<\/strong><\/h2>\n<p>Jsme \u00fa\u010detn\u00ed firma s mnohaletou zku\u0161enost\u00ed z Kyjova, kter\u00e1 se specializuje na profesion\u00e1ln\u00ed veden\u00ed \u00fa\u010detnictv\u00ed a da\u0148ov\u00e9 evidence. Na\u0161e firma je slo\u017eena z t\u00fdmu zku\u0161en\u00fdch odborn\u00edk\u016f, kte\u0159\u00ed jsou rychl\u00ed, precizn\u00ed a pe\u010dliv\u00ed. V ka\u017ed\u00e9 oblasti se sna\u017e\u00edme poskytnout na\u0161im z\u00e1kazn\u00edk\u016fm kvalitn\u00ed a spolehliv\u00e9 slu\u017eby.<\/p>\n<p>Na\u0161i klienti mohou m\u00edt jistotu, \u017ee pr\u00e1ce na\u0161eho t\u00fdmu je v\u017edy bezchybn\u00e1 a v\u00fdsledkem je jasn\u00fd ekonomick\u00fd obraz jejich firmy. Sledujeme posledn\u00ed trendy v oblasti \u00fa\u010detnictv\u00ed a v\u017edy se sna\u017e\u00edme naj\u00edt nejlep\u0161\u00ed \u0159e\u0161en\u00ed pro na\u0161e klienty. Na\u0161e slu\u017eby jsou zalo\u017eeny na transparentnosti, d\u016fv\u011b\u0159e a vz\u00e1jemn\u00e9 spolupr\u00e1ci.<\/p>\n<p>Na trhu p\u016fsob\u00edme ji\u017e v\u00edce ne\u017e 25 let a b\u011bhem t\u00e9to doby jsme si vytvo\u0159ili siln\u00e9 a stabiln\u00ed postaven\u00ed na trhu. Spolupr\u00e1ce s n\u00e1mi je z\u00e1rukou kvality a spolehlivosti, co\u017e dokazuje i trval\u00e1 spokojenost na\u0161ich z\u00e1kazn\u00edk\u016f.<\/p>\n<p>V\u011b\u0159\u00edme, \u017ee na\u0161e pr\u00e1ce m\u00e1 smysl a sna\u017e\u00edme se b\u00fdt nejlep\u0161\u00ed v tom, co d\u011bl\u00e1me. Pokud hled\u00e1te spolehliv\u00e9ho partnera pro veden\u00ed Va\u0161eho \u00fa\u010detnictv\u00ed, nev\u00e1hejte n\u00e1s kontaktovat. Jsme tu pro V\u00e1s a jsme p\u0159ipraveni V\u00e1m pomoci s jak\u00fdmkoli \u00fa\u010detn\u00edm probl\u00e9mem.<\/p>\n","protected":false},"excerpt":{"rendered":"<p>Profesion\u00e1ln\u00ed veden\u00ed \u00fa\u010detnictv\u00ed Jsme \u00fa\u010detn\u00ed firma s mnohaletou zku\u0161enost\u00ed z Kyjova, kter\u00e1 se specializuje na profesion\u00e1ln\u00ed veden\u00ed \u00fa\u010detnictv\u00ed a da\u0148ov\u00e9 evidence. Na\u0161e firma je slo\u017eena z t\u00fdmu zku\u0161en\u00fdch odborn\u00edk\u016f, kte\u0159\u00ed jsou rychl\u00ed, precizn\u00ed a pe\u010dliv\u00ed. V ka\u017ed\u00e9 oblasti se sna\u017e\u00edme poskytnout na\u0161im z\u00e1kazn\u00edk\u016fm kvalitn\u00ed a spolehliv\u00e9 slu\u017eby. Na\u0161i klienti mohou [&hellip;]<\/p>\n","protected":false},"author":1,"featured_media":0,"parent":0,"menu_order":0,"comment_status":"closed","ping_status":"closed","template":"","meta":{"om_disable_all_campaigns":false,"_monsterinsights_skip_tracking":false,"_monsterinsights_sitenote_active":false,"_monsterinsights_sitenote_note":"","_monsterinsights_sitenote_category":0},"aioseo_notices":[],"_links":{"self":[{"href":"https:\/\/www.ekonomservis-cz.eu\/index.php\/wp-json\/wp\/v2\/pages\/19"}],"collection":[{"href":"https:\/\/www.ekonomservis-cz.eu\/index.php\/wp-json\/wp\/v2\/pages"}],"about":[{"href":"https:\/\/www.ekonomservis-cz.eu\/index.php\/wp-json\/wp\/v2\/types\/page"}],"author":[{"embeddable":true,"href":"https:\/\/www.ekonomservis-cz.eu\/index.php\/wp-json\/wp\/v2\/users\/1"}],"replies":[{"embeddable":true,"href":"https:\/\/www.ekonomservis-cz.eu\/index.php\/wp-json\/wp\/v2\/comments?post=19"}],"version-history":[{"count":11,"href":"https:\/\/www.ekonomservis-cz.eu\/index.php\/wp-json\/wp\/v2\/pages\/19\/revisions"}],"predecessor-version":[{"id":210,"href":"https:\/\/www.ekonomservis-cz.eu\/index.php\/wp-json\/wp\/v2\/pages\/19\/revisions\/210"}],"wp:attachment":[{"href":"https:\/\/www.ekonomservis-cz.eu\/index.php\/wp-json\/wp\/v2\/media?parent=19"}],"curies":[{"name":"wp","href":"https:\/\/api.w.org\/{rel}","templated":true}]}}